{"id":39,"date":"2015-12-03T22:06:54","date_gmt":"2015-12-03T22:06:54","guid":{"rendered":"http:\/\/www.tespis.com.br\/site\/?page_id=39"},"modified":"2024-09-05T21:41:34","modified_gmt":"2024-09-06T00:41:34","slug":"max-reinert","status":"publish","type":"page","link":"http:\/\/www.tespis.com.br\/site\/quem-somos\/max-reinert\/","title":{"rendered":"Max Reinert (em mem\u00f3ria)"},"content":{"rendered":"<h5><a href=\"http:\/\/www.tespis.com.br\/site\/wp-content\/uploads\/2024\/09\/Foto-Max-scaled.jpg\"  rel=\"lightbox[39] attachment wp-att-358\"><img loading=\"lazy\" decoding=\"async\" class=\"wp-image-2218 size-medium alignleft\" src=\"http:\/\/www.tespis.com.br\/site\/wp-content\/uploads\/2024\/09\/Foto-Max-237x300.jpg\" alt=\"\" width=\"237\" height=\"300\" srcset=\"http:\/\/www.tespis.com.br\/site\/wp-content\/uploads\/2024\/09\/Foto-Max-237x300.jpg 237w, http:\/\/www.tespis.com.br\/site\/wp-content\/uploads\/2024\/09\/Foto-Max-810x1024.jpg 810w, http:\/\/www.tespis.com.br\/site\/wp-content\/uploads\/2024\/09\/Foto-Max-768x971.jpg 768w, http:\/\/www.tespis.com.br\/site\/wp-content\/uploads\/2024\/09\/Foto-Max-1215x1536.jpg 1215w, http:\/\/www.tespis.com.br\/site\/wp-content\/uploads\/2024\/09\/Foto-Max-1620x2048.jpg 1620w, http:\/\/www.tespis.com.br\/site\/wp-content\/uploads\/2024\/09\/Foto-Max-scaled.jpg 2025w\" sizes=\"auto, (max-width: 237px) 100vw, 237px\" \/><\/a>09\/11\/1972 &#8211; 31\/07\/2023<\/h5>\n<p>(foto: Math\u00fd Gorszewica)<\/p>\n<p style=\"text-align: justify;\"><strong>Max Reinert<\/strong> foi um dos fundadores da T\u00e9spis Cia de Teatro e atuou junto \u00e0 companhia at\u00e9 o ano de 2023, quando faleceu aos 50 anos de idade. Seu legado faz parte do que constitui o grupo, seus princ\u00edpios e suas realiza\u00e7\u00f5es.<\/p>\n<p style=\"text-align: justify;\">Desenvolveu forma\u00e7\u00e3o autodidata na \u00e1rea teatral e \u00e9 integrante da <em><strong>T\u00e9spis Cia. de Teatro<\/strong><\/em> desde sua funda\u00e7\u00e3o em 1993, tendo realizado outros trabalhos profissionais antes desta data.<\/p>\n<p style=\"text-align: justify;\">Desde 1998 ministrou cursos e oficinas para crian\u00e7as, adolescentes, adultos e professores nas \u00e1reas de interpreta\u00e7\u00e3o, confec\u00e7\u00e3o e manipula\u00e7\u00e3o de bonecos, tendo prestado servi\u00e7os para a <em><strong>Secretaria Municipal de Educa\u00e7\u00e3o de Itaja\u00ed<\/strong><\/em>, <em><strong>Col\u00e9gio de Aplica\u00e7\u00e3o da Univali<\/strong><\/em>, <em><strong>Funda\u00e7\u00e3o Cultural de Chapec\u00f3<\/strong><\/em>, <em><strong>Funda\u00e7\u00e3o Cultural de Conc\u00f3rdia<\/strong><\/em>, <em><strong>FacVest<\/strong><\/em> (Lages), entre outros.<\/p>\n<p style=\"text-align: justify;\">Foi Coordenador T\u00e9cnico da <em><strong>Mostra Internacional de Teatro de Grupo em Itaja\u00ed<\/strong><\/em>, SC nos anos de 2001 a 2004; neste mesmo per\u00edodo fez parte do <em><strong>Conselho Municipal de Cultura<\/strong><\/em> e presidiu a <em><strong>Associa\u00e7\u00e3o Itajaiense de Teatro<\/strong><\/em>.<\/p>\n<p style=\"text-align: justify;\">Em seu processo de forma\u00e7\u00e3o estudou v\u00e1rios aspectos das artes c\u00eanicas, atrav\u00e9s de oficinas e\/ou semin\u00e1rios, com distintos mestres do Brasil e do exterior, tais como <em><strong>Olga Romero<\/strong><\/em> (Curitiba,PR), <em><strong>Chico Penafiel<\/strong><\/em> (Curitiba,PR), <em><strong>Carlos Adrian Martinez<\/strong><\/em> (Buenos Aires, Argentina), <em><strong>Xavier e Als\u00f4nia Perazza<\/strong><\/em> (Uruguai), <em><strong>Madalena Bernardes<\/strong><\/em> (S\u00e3o Paulo, SP), <em><strong>Mauro Zanata<\/strong><\/em> (Curitiba,PR), <em><strong>Ewerton de Castro<\/strong><\/em> (S\u00e3o Paulo,SP), <em><strong>Jos\u00e9 Rubens Siqueira<\/strong><\/em> (S\u00e3o Paulo, SP), <em><strong>Renata Franco<\/strong><\/em> (S\u00e3o Paulo, SP), <em><strong>M\u00e1rio Santana<\/strong><\/em> (Rio de Janeiro, RJ), <em><strong>Roberto Mallet<\/strong><\/em> (S\u00e3o Paulo,SP), <em><strong>Fernando Augusto<\/strong><\/em> (Mamulengo S\u00f3 Riso, Pernambuco), <em><strong>Ana Kfouri<\/strong><\/em> (Rio de Janeiro, RJ),<em><strong> Osvaldo Gabrieli<\/strong><\/em> (Grupo XPTO, SP), <em><strong>Mall\u00fa Moraes<\/strong><\/em> (S\u00e3o Paulo, SP), <em><strong>S\u00e9rgio Merc\u00fario<\/strong><\/em> (Buenos Aires, Argentina) e mais recentemente com <em><strong>Eug\u00eanio Barba<\/strong><\/em> (Odin Theather &#8211; Dinamarca).<\/p>\n<p style=\"text-align: justify;\">Desde 1997 desenvolveu estudos em parceria com a <em><strong>Periplo, Compa\u00f1ia Teatral<\/strong><\/em> tendo, inclusive, realizado est\u00e1gio no \u201c<em><strong>El Astrol\u00e1bio Teatro<\/strong><\/em>\u201d em Buenos Aires, Argentina sob a coordena\u00e7\u00e3o de <em><strong>Diego Cazabat<\/strong><\/em>.<\/p>\n<p style=\"text-align: justify;\">Como ator atuou em v\u00e1rios espet\u00e1culos com outros diretores de Itaja\u00ed e regi\u00e3o, destacando-se <em><strong>Terror e Mis\u00e9ria no III Reich<\/strong><\/em> de <em><strong>Bertold Brecht<\/strong><\/em>, <em><strong>Senhora dos Afogados<\/strong><\/em> de <em><strong>Nelson Rodrigues<\/strong><\/em>, <em><strong>A Viagem de Um Barquinho<\/strong><\/em> de <em><strong>Illo Krugli<\/strong><\/em>, <em><strong>O Contador de Hist\u00f3rias<\/strong><\/em>, adapta\u00e7\u00e3o de v\u00e1rias hist\u00f3rias de <em><strong>Ruth Rocha<\/strong><\/em>, <em><strong>Guiomar<\/strong><\/em> e <em><strong>T\u00f4nio Carvalho<\/strong><\/em>, <em><strong>O Circo Cheio de Lua<\/strong><\/em> de <em><strong>Mem\u00e9lia de Carvalho<\/strong><\/em>, <em><strong>Hist\u00f3rias de Um Rei Tirano<\/strong><\/em>, adapta\u00e7\u00e3o de \u201c<em><strong>Sapo Vira Rei Vira Sapo<\/strong><\/em>\u201d de <em><strong>Ruth Rocha<\/strong><\/em>, <em><strong>O Pequeno Planeta Perdido<\/strong><\/em> de <em><strong>Ziraldo<\/strong><\/em>, <em><strong>Bodas&#8230; (um ato cotidiano)<\/strong><\/em> dramaturgia criada pela <em><strong>Periplo, Compa\u00f1ia Teatral<\/strong><\/em>,\u00a0<em><strong>Pequeno Invent\u00e1rio de Impropriedades<\/strong><\/em>\u00a0e <em><strong>Esse Corpo Meu?\u00a0<\/strong><\/em>(onde assina tamb\u00e9m o texto) .<\/p>\n<p style=\"text-align: justify;\">Como diretor, realizou espet\u00e1culos com a <strong>T\u00e9spis Cia. de Teatro<\/strong> e tamb\u00e9m como diretor convidado em outras produ\u00e7\u00f5es, tais como <em><strong>O Pequeno Planeta Perdido<\/strong><\/em> de <em><strong>Ziraldo<\/strong><\/em>, <em><strong>ZYVerissimo!!! 199,9Mhz<\/strong><\/em> adapta\u00e7\u00e3o de cr\u00f4nicas de <em><strong>Luiz Fernando Verissimo <\/strong><\/em>com o <em><strong>Gr.I.Te!<\/strong><\/em>, <em><strong>Tr\u00e2nsito N\u00e3o \u00c9 Brincadeira!<\/strong><\/em> com o <em><strong>Grupo de Educa\u00e7\u00e3o da Policia Militar<\/strong><\/em> de Itaja\u00ed, <em><strong>Ora\u00e7\u00e3o<\/strong><\/em> de <em><strong>Fernando Arrabal<\/strong><\/em> e <em><strong>A Pequena Vendedora de F\u00f3sforos<\/strong><\/em> adapta\u00e7\u00e3o do conto de <em><strong>Hans Christian Andersen<\/strong><\/em> com o <em><strong>Projeto Teatro Cidade<\/strong><\/em>, <em><strong>Na Trilha dos Pombeiros<\/strong><\/em>, adapta\u00e7\u00e3o de textos de <em><strong>Franklin Cascaes<\/strong><\/em>, baseado no folclore a\u00e7oriano com o <em><strong>Grupo E.T.C. i. Tal.<\/strong><\/em>, <em><strong>\u00c9 Vero, Verissimo!?!<\/strong><\/em> de <em><strong>Luis Fernando Verissimo<\/strong><\/em>, com o grupo <em><strong>Letra Muda<\/strong><\/em>, <em><strong>O Pequeno Pr\u00edncipe<\/strong><\/em> a partir da obra de <em><strong>Antoine de Saint-Exup\u00e9ry<\/strong><\/em> com a <em><strong>Cia. de Atores<\/strong><\/em>, <em><strong>Med\u00e9ia<\/strong><\/em>, uma vers\u00e3o da trag\u00e9dia de <em><strong>Eur\u00edpedes<\/strong><\/em>, em forma de mon\u00f3logo; <em><strong>A Hist\u00f3ria do Homem que se Transformou em Cachorro<\/strong><\/em>, de <em><strong>Osvaldo Dragun<\/strong><\/em>; <em><strong>Lili reinventa Quintana<\/strong><\/em>, homenagem ao poeta ga\u00facho com a <em><strong>T\u00e9spis Cia. de Teatro<\/strong><\/em> e <em><strong>Meteoros<\/strong><\/em>, de autoria pr\u00f3pria.<\/p>\n<p style=\"text-align: justify;\">Outra faceta do diretor <strong>Max Reinert<\/strong> foi seu trabalho junto a grupos vocais e m\u00fasicos. Com o <em><strong>Grupo Vocal L\u00edcor de Pitanga<\/strong><\/em> atuou como assistente de dire\u00e7\u00e3o de <em><strong>Celso Branco<\/strong><\/em> (<em><strong>Grupo Garganta Profunda<\/strong><\/em>, Rio de Janeiro,RJ) no show <em><strong>Licor Canta Brasil<\/strong><\/em> e dirigiu <em><strong>Esta\u00e7\u00e3o Brasil<\/strong><\/em>. Dirigiu, tamb\u00e9m, espet\u00e1culos que re\u00fanem teatro, m\u00fasica e dan\u00e7a, tais como <em><strong>Um Auto de Natal<\/strong><\/em>, <em><strong>Coros e \u00c1rias de \u00d3peras<\/strong><\/em> e <em><strong>Um Boi Bom De Se V\u00ea!<\/strong><\/em>, este \u00faltimo envolvendo 30 pessoas no elenco e que realizou a inaugura\u00e7\u00e3o do <em><strong>Teatro Municipal de Itaja\u00ed<\/strong><\/em>.<\/p>\n<p style=\"text-align: justify;\">Fez concep\u00e7\u00e3o e dire\u00e7\u00e3o de palco para o <em><strong>Festival de M\u00fasica de Itaja\u00ed<\/strong> <\/em>em 2004, tendo trabalhado neste ano com <em><strong>Guinga<\/strong><\/em> e <em><strong>Gabriele Mirabassi<\/strong><\/em>, <em><strong>Joice<\/strong><\/em>, <em><strong>Vagner Tisso<\/strong><\/em> e <em><strong>Victor Biglione<\/strong><\/em>, <em><strong>Yamandu Costa<\/strong><\/em> e <em><strong>Adriana Calcanhoto<\/strong><\/em>.\u00a0Fez dire\u00e7\u00e3o de palco para a Semana de Inaugura\u00e7\u00e3o do Teatro Municipal de Itaja\u00ed (2004), com 08 espet\u00e1culos e encerramento com <em><strong>Nana Caymmi<\/strong><\/em>, atingindo mais de 12 mil pessoas em uma semana e no 2o. <em><strong>Festival Brasileiro de Teatro &#8211; Toni Cunha<\/strong><\/em> (2011).<\/p>\n<p style=\"text-align: justify;\">Em sua carreira como ator e diretor participou de diversos festivais no Brasil e tamb\u00e9m no exterior, tendo levado seus espet\u00e1culos a Portugal, Chile, Argentina, Paraguai e Venezuela, onde recebeu diversas indica\u00e7\u00f5es e pr\u00eamios.<\/p>\n<p style=\"text-align: justify;\">Foi integrante do <em><strong>N\u00facleo de Dramaturgia do SESI &#8211; PR &#8211; Teatro Gua\u00edra<\/strong><\/em>, onde desenvolveu estudos referentes a constru\u00e7\u00e3o dramat\u00fargica contempor\u00e2nea. Dentro deste projeto escreveu <em><strong>Pequeno Invent\u00e1rio de Impropriedades<\/strong><\/em> (premiado como Melhor Texto Original nos festivais nacionais de teatro de Limeira e Americana &#8211; ambas no estado de SP &#8211; e publicado pelo mesmo em 2010), <em><strong>Hipotermia<\/strong><\/em> (tamb\u00e9m selecionado para publica\u00e7\u00e3o, em 2011; montado pela <em><strong>Cia. Ambulat\u00f3rio<\/strong><\/em>, de Curitiba, em 2013 e pelo <em><strong>Grupo Teatro Sim&#8230; Por que N\u00e3o?!!!<\/strong><\/em> de Florian\u00f3polis em 2014), <em><strong>Blow me Up ou Sobre a Natureza dos Homens Bomba<\/strong><\/em> (montado pelo <em><strong>N\u00facleo de Encena\u00e7\u00e3o e Atua\u00e7\u00e3o do SESI &#8211; Teatro Gua\u00edra<\/strong><\/em> em 2012), <em><strong>Agora Sou Outra<\/strong><\/em>, <em><strong>\u00cdndice22<\/strong><\/em> e <em><strong>Meteoros<\/strong><\/em> (pela <strong>T\u00e9spis Cia. de Teatro<\/strong>).<\/p>\n<p style=\"text-align: justify;\">No ano de 2012 come\u00e7ou a ministrar oficinas de dramaturgia e escrita criativa, tendo participado do projeto <em><strong>Encontro com o Dramaturgo<\/strong><\/em> em Florian\u00f3polis, mantido pela <em><strong>Universidade do Estado de Santa Catarina<\/strong><\/em> (UDESC) em parceria com a <em><strong>Universidade Federal de Santa Catarina<\/strong><\/em> (UFSC) e tamb\u00e9m pelo <em><strong>SESC \u2013 SC<\/strong><\/em> atrav\u00e9s do <em><strong>Projeto Repert\u00f3rios<\/strong><\/em> nas cidades de Joinville, Jaragu\u00e1 do Sul e S\u00e3o Bento do Sul.<\/p>\n<p style=\"text-align: justify;\">Em 2013 lan\u00e7ou o livro \u201c<em><strong>Primeiras Obras<\/strong><\/em>\u201d, pela <em><strong>Editora MultiFoco<\/strong><\/em> (Rio de Janeiro) dentro do selo <em><strong>Dramaturgias<\/strong><\/em>, com curadoria da <em><strong>Revista Virtual Quest\u00e3o de Cr\u00edtica\u00a0<\/strong><\/em>e atua como assessor no projeto <strong><em>Dramaturgia \u2013 Leituras em Cena<\/em><\/strong> do SESC \u2013 SC. Em 2015 voltou a atuar neste mesmo projeto e realizou, tamb\u00e9m pelo SESC-SC o projeto <strong><em>Boca de Cena<\/em><\/strong>, onde \u00e9 orientador de oficinas de escrita dramat\u00fargica em cidades do interior do estado.<\/p>\n<p>Em 2016, criou e coordenou, junto de <strong>Denise da Luz<\/strong>, o projeto <a href=\"http:\/\/www.tespis.com.br\/site\/laboratorio-cena-contemporanea\/\"><strong><em>Laborat\u00f3rio Cena Contempor\u00e2nea<\/em><\/strong><\/a>, aprovado pela Lei Municipal de Incentivo \u00e0 Cultura \/ 2015, contribuindo para a discuss\u00e3o do fazer teatral na cidade de Itaja\u00ed.<\/p>\n<p>Em 2017, dirigiu, como convidado, o espet\u00e1culo <strong><em>#Mergulho<\/em><\/strong>, com o <strong><em>Eranos C\u00edrculo de Arte<\/em><\/strong>, espet\u00e1culo para primeira inf\u00e2ncia que circuladou pelos principais festivais de teatro do pa\u00eds. Dirigiu tamb\u00e9m <strong><em>Metropol \u2013 Carv\u00e3o, \u00d3pio e Futebol<\/em><\/strong>, com o grupo <strong><em>Enluaratus<\/em><\/strong>, de Crici\u00fama (SC).<\/p>\n<p>Em 2018, seu texto <a href=\"http:\/\/www.tespis.com.br\/site\/o-que-fazemos\/dramaturgia\/\"><strong><em>\u00cdndice22<\/em><\/strong><\/a> \u00e9 selecionado para o <strong><em>EDIE &#8211; Encontro Internacional de la Dramaturgia Emergente<\/em><\/strong>, produzido pelo Corredor Latinoamericano de Teatro de Grupo. Realizou tamb\u00e9m dire\u00e7\u00e3o de arte para alguns curtas metragens produzidos na cidade de Itaja\u00ed e co-protagonizou o curta <strong><em>Nego Dean<\/em><\/strong>, com dire\u00e7\u00e3o de <strong><em>Lallo Bocchino<\/em><\/strong>.<\/p>\n<p>Em 2019, ministrou oficinas de atua\u00e7\u00e3o no estado de Pernambuco, atrav\u00e9s do projeto do <strong><em>SESC \u2013 Dramaturgia(s)<\/em><\/strong>, atuando pela primeira vez nas cidades de Bodoc\u00f3, Araripina e Garanhuns. Foi convidado a dirigir o espet\u00e1culo <strong>Vozes Vivas \u2013 hist\u00f3ria de S\u00e3o Jo\u00e3o Maria<\/strong>, com a <strong><em>Cia. Contacausos<\/em><\/strong> (Chapec\u00f3, SC) \u2013 uma das principais companhias do Brasil que pesquisa a oralidade. Dirigiu tamb\u00e9m o espet\u00e1culo <strong>Vida Seca<\/strong>, com a <strong><em>Cia. Manipuladora de Formas Etc i Tal<\/em><\/strong> (Navegantes, SC), com o qual foi selecionado para a mostra off do<strong><em> Festival Mundial da Marionete<\/em><\/strong> em Charllesville, Fran\u00e7a. Dois espet\u00e1culos com sua dire\u00e7\u00e3o (<a href=\"http:\/\/www.tespis.com.br\/site\/espetaculos-em-cartaz\/indice22\/\"><strong><em>\u00cdndice22<\/em><\/strong><\/a> \u2013 da <strong><em>T\u00e9spis Cia. de Teatro<\/em><\/strong> e <strong><em>Ca\u00ea!<\/em><\/strong> \u2013 da <strong><em>Karma Cia. de Teatro<\/em><\/strong>) foram selecionados para o <strong><em>SESC &#8211; EmCena Catarina<\/em><\/strong>, maior circuito de artes c\u00eanicas do estado.<\/p>\n<p>Em 2020, em fun\u00e7\u00e3o da pandemia de coronavirus, voltou sua produ\u00e7\u00e3o para o ambiente virtual, tendo realizado vers\u00f5es de espet\u00e1culos de sua companhia para este novo ambiente. Colcaborou, como diretor convidado, no espet\u00e1culo <a href=\"https:\/\/www.instagram.com\/amar_e_crime\/\"><strong><em>Amar \u00e9 Crime<\/em><\/strong><\/a>, a partir de textos de Marcelino Freire. Com a T\u00e9spis dirigiu <a href=\"http:\/\/www.tespis.com.br\/site\/papele\/\"><strong><em>PaPeL\u00ea \u2013 uma aventura de Papel<\/em><\/strong><\/a>, espet\u00e1culo para crian\u00e7as selecionado para o <strong><em>Festival FUNARTE de Teatro Virtual<\/em><\/strong>.<\/p>\n<p>Em 2021, dirige seu primeiro curta de fic\u00e7\u00e3o <strong><em>Matador de Cachorro<\/em><\/strong>, sendo selecionado para o <strong><em>Festival de Cinema de Jaragu\u00e1 do Sul<\/em><\/strong>, SC; para o <strong><em>Global Indie Film Festival<\/em><\/strong>, em Glasgow\/UK e para o <strong><em>First-time Filmmaker Sessions, Lift-Off Festival 2021<\/em><\/strong>, Buckinghamshire \u2013 UK. Seu texto <a href=\"http:\/\/www.tespis.com.br\/site\/o-que-fazemos\/dramaturgia\/\"><strong><em>Blow Me Up ou Um ensaio sobre a natureza dos Homens Bomba<\/em><\/strong><\/a> \u00e9 selecionado para edi\u00e7\u00e3o pela <strong><em>Editora Urutau<\/em><\/strong>. O espet\u00e1culo <strong><em>Vida Seca<\/em><\/strong> \u00e9 indicado para o <strong><em>15\u00b0 Pr\u00eamio APTR<\/em><\/strong> \u2013 Associa\u00e7\u00e3o dos Produtores de Teatro, na categoria Melhor espet\u00e1culo adaptado editado.<\/p>\n","protected":false},"excerpt":{"rendered":"<p>09\/11\/1972 &#8211; 31\/07\/2023 (foto: Math\u00fd Gorszewica) Max Reinert foi um dos fundadores da T\u00e9spis Cia de Teatro e atuou junto \u00e0 companhia at\u00e9 o ano de 2023, quando faleceu aos 50 anos de idade. Seu legado faz parte do que constitui o grupo, seus princ\u00edpios e suas realiza\u00e7\u00f5es. Desenvolveu forma\u00e7\u00e3o autodidata na \u00e1rea teatral e [&hellip;]<\/p>\n","protected":false},"author":1,"featured_media":0,"parent":29,"menu_order":0,"comment_status":"closed","ping_status":"closed","template":"","meta":{"footnotes":""},"class_list":["post-39","page","type-page","status-publish","hentry"],"_links":{"self":[{"href":"http:\/\/www.tespis.com.br\/site\/wp-json\/wp\/v2\/pages\/39","targetHints":{"allow":["GET"]}}],"collection":[{"href":"http:\/\/www.tespis.com.br\/site\/wp-json\/wp\/v2\/pages"}],"about":[{"href":"http:\/\/www.tespis.com.br\/site\/wp-json\/wp\/v2\/types\/page"}],"author":[{"embeddable":true,"href":"http:\/\/www.tespis.com.br\/site\/wp-json\/wp\/v2\/users\/1"}],"replies":[{"embeddable":true,"href":"http:\/\/www.tespis.com.br\/site\/wp-json\/wp\/v2\/comments?post=39"}],"version-history":[{"count":39,"href":"http:\/\/www.tespis.com.br\/site\/wp-json\/wp\/v2\/pages\/39\/revisions"}],"predecessor-version":[{"id":2259,"href":"http:\/\/www.tespis.com.br\/site\/wp-json\/wp\/v2\/pages\/39\/revisions\/2259"}],"up":[{"embeddable":true,"href":"http:\/\/www.tespis.com.br\/site\/wp-json\/wp\/v2\/pages\/29"}],"wp:attachment":[{"href":"http:\/\/www.tespis.com.br\/site\/wp-json\/wp\/v2\/media?parent=39"}],"curies":[{"name":"wp","href":"https:\/\/api.w.org\/{rel}","templated":true}]}}